{"id":891,"date":"2026-05-04T20:09:17","date_gmt":"2026-05-04T20:09:17","guid":{"rendered":"https:\/\/doremalac.com\/?post_type=product&#038;p=891"},"modified":"2026-05-04T20:38:31","modified_gmt":"2026-05-04T20:38:31","slug":"queso-doble-crema-500-g","status":"publish","type":"product","link":"https:\/\/doremalac.com\/en\/product\/queso-doble-crema-500-g\/","title":{"rendered":"Queso Doble Crema 500 g"},"content":{"rendered":"<p data-start=\"834\" data-end=\"1113\">El <strong data-start=\"837\" data-end=\"868\">Queso Doble Crema DOREMALAC<\/strong> es un producto tradicional de textura suave y sabor cremoso, perfecto para acompa\u00f1ar diferentes momentos del d\u00eda. Su versatilidad lo convierte en una excelente opci\u00f3n para el consumo en hogares, cafeter\u00edas, restaurantes y negocios de alimentos.<\/p>\n<p data-start=\"1115\" data-end=\"1317\">Puedes disfrutarlo en arepas, panes, s\u00e1ndwiches, pizzas, pastas, empanadas, gratinados o como ingrediente principal en preparaciones calientes donde se busca un queso de buena textura y sabor agradable.<\/p>\n<p data-start=\"1319\" data-end=\"1488\">El cat\u00e1logo lo presenta dentro de la l\u00ednea de <strong data-start=\"1365\" data-end=\"1398\">quesos hilados o pasta filata<\/strong>, caracterizados por su elasticidad y sabor cremoso.<\/p>","protected":false},"excerpt":{"rendered":"<p data-start=\"703\" data-end=\"810\">Queso suave, cremoso y vers\u00e1til, ideal para desayunos, arepas, s\u00e1ndwiches, gratinados y recetas familiares.<\/p>\n<h2 data-section-id=\"4m77e9\" data-start=\"812\" data-end=\"832\"><\/h2>","protected":false},"featured_media":899,"comment_status":"open","ping_status":"closed","template":"","meta":[],"product_brand":[],"product_cat":[23],"product_tag":[],"class_list":{"0":"post-891","1":"product","2":"type-product","3":"status-publish","4":"has-post-thumbnail","6":"product_cat-quesos","8":"first","9":"instock","10":"shipping-taxable","11":"purchasable","12":"product-type-simple"},"_links":{"self":[{"href":"https:\/\/doremalac.com\/en\/wp-json\/wp\/v2\/product\/891","targetHints":{"allow":["GET"]}}],"collection":[{"href":"https:\/\/doremalac.com\/en\/wp-json\/wp\/v2\/product"}],"about":[{"href":"https:\/\/doremalac.com\/en\/wp-json\/wp\/v2\/types\/product"}],"replies":[{"embeddable":true,"href":"https:\/\/doremalac.com\/en\/wp-json\/wp\/v2\/comments?post=891"}],"wp:featuredmedia":[{"embeddable":true,"href":"https:\/\/doremalac.com\/en\/wp-json\/wp\/v2\/media\/899"}],"wp:attachment":[{"href":"https:\/\/doremalac.com\/en\/wp-json\/wp\/v2\/media?parent=891"}],"wp:term":[{"taxonomy":"product_brand","embeddable":true,"href":"https:\/\/doremalac.com\/en\/wp-json\/wp\/v2\/product_brand?post=891"},{"taxonomy":"product_cat","embeddable":true,"href":"https:\/\/doremalac.com\/en\/wp-json\/wp\/v2\/product_cat?post=891"},{"taxonomy":"product_tag","embeddable":true,"href":"https:\/\/doremalac.com\/en\/wp-json\/wp\/v2\/product_tag?post=891"}],"curies":[{"name":"wp","href":"https:\/\/api.w.org\/{rel}","templated":true}]}}