{"id":892,"date":"2026-05-04T20:13:01","date_gmt":"2026-05-04T20:13:01","guid":{"rendered":"https:\/\/doremalac.com\/?post_type=product&#038;p=892"},"modified":"2026-05-04T20:57:13","modified_gmt":"2026-05-04T20:57:13","slug":"quesillo-huilense-400g","status":"publish","type":"product","link":"https:\/\/doremalac.com\/en\/product\/quesillo-huilense-400g\/","title":{"rendered":"Quesillo Huilense 400g"},"content":{"rendered":"<p data-start=\"1700\" data-end=\"1945\">El <strong data-start=\"1703\" data-end=\"1734\">Quesillo Huilense DOREMALAC<\/strong> representa el sabor aut\u00e9ntico del Valle de Laboyos. Es un producto tradicional, ideal para quienes disfrutan los sabores regionales y buscan un queso fresco para acompa\u00f1ar desayunos, meriendas y platos t\u00edpicos.<\/p>\n<p data-start=\"1947\" data-end=\"2204\">Su textura caracter\u00edstica y presentaci\u00f3n artesanal lo hacen perfecto para combinar con arepas, pan, chocolate, caf\u00e9, bizcochos, almoj\u00e1banas o preparaciones caseras. Es un producto que conecta con la tradici\u00f3n huilense y con la cultura alimentaria del campo.<\/p>\n<p data-start=\"2206\" data-end=\"2364\">En el cat\u00e1logo de DOREMALAC se presenta como un producto tradicional de la regi\u00f3n, dentro de la l\u00ednea de quesos hilados.<\/p>","protected":false},"excerpt":{"rendered":"<p data-start=\"1596\" data-end=\"1676\">Quesillo tradicional del Huila, fresco, suave y envuelto con identidad regional.<\/p>\n<h2 data-section-id=\"4m77e9\" data-start=\"1678\" data-end=\"1698\"><\/h2>","protected":false},"featured_media":938,"comment_status":"open","ping_status":"closed","template":"","meta":[],"product_brand":[],"product_cat":[23],"product_tag":[],"class_list":{"0":"post-892","1":"product","2":"type-product","3":"status-publish","4":"has-post-thumbnail","6":"product_cat-quesos","8":"first","9":"instock","10":"shipping-taxable","11":"purchasable","12":"product-type-simple"},"_links":{"self":[{"href":"https:\/\/doremalac.com\/en\/wp-json\/wp\/v2\/product\/892","targetHints":{"allow":["GET"]}}],"collection":[{"href":"https:\/\/doremalac.com\/en\/wp-json\/wp\/v2\/product"}],"about":[{"href":"https:\/\/doremalac.com\/en\/wp-json\/wp\/v2\/types\/product"}],"replies":[{"embeddable":true,"href":"https:\/\/doremalac.com\/en\/wp-json\/wp\/v2\/comments?post=892"}],"wp:featuredmedia":[{"embeddable":true,"href":"https:\/\/doremalac.com\/en\/wp-json\/wp\/v2\/media\/938"}],"wp:attachment":[{"href":"https:\/\/doremalac.com\/en\/wp-json\/wp\/v2\/media?parent=892"}],"wp:term":[{"taxonomy":"product_brand","embeddable":true,"href":"https:\/\/doremalac.com\/en\/wp-json\/wp\/v2\/product_brand?post=892"},{"taxonomy":"product_cat","embeddable":true,"href":"https:\/\/doremalac.com\/en\/wp-json\/wp\/v2\/product_cat?post=892"},{"taxonomy":"product_tag","embeddable":true,"href":"https:\/\/doremalac.com\/en\/wp-json\/wp\/v2\/product_tag?post=892"}],"curies":[{"name":"wp","href":"https:\/\/api.w.org\/{rel}","templated":true}]}}